{"id":12,"date":"2018-01-30T18:00:11","date_gmt":"2018-01-30T17:00:11","guid":{"rendered":"http:\/\/dev.jdatextile.com\/?page_id=12"},"modified":"2023-02-02T10:41:00","modified_gmt":"2023-02-02T09:41:00","slug":"presentation","status":"publish","type":"page","link":"https:\/\/www.jdatextile.com\/en\/presentation\/","title":{"rendered":"Pr\u00e9sentation"},"content":{"rendered":"<p><span style=\"font-size: 14pt;\">\u00a0 \u00a0 \u00a0 \u00a0 <\/span><\/p>\n<p><span style=\"font-size: 14pt;\">\u00a0 \u00a0 \u00a0 \u00a0 \u00a0 \u00a0 \u00a0 \u00a0Depuis sa cr\u00e9ation, JDA Textile est en charge de produire des v\u00eatements haut de gamme pour ses clients. Nous travaillons en collaboration avec des marques de pr\u00eat-\u00e0-porter et des soci\u00e9t\u00e9s ayant un besoin d&#8217;uniforme.<br \/>\n<\/span><span style=\"font-size: 14pt;\">Notre soci\u00e9t\u00e9 est une jeune, dynamique et solide compagnie avec une large proposition de produit haut de gamme adaptable \u00e0 votre besoin. L\u2019un de nos atouts principaux est la flexibilit\u00e9 gr\u00e2ce \u00e0 un suivi personnalis\u00e9 de la collection et de la production qui nous permet de nous adapter aux exigences et besoins de notre client.<br \/>\n<\/span><\/p>\n<p><span style=\"font-size: 14pt;\">L\u2019entreprise JDA est sp\u00e9cialis\u00e9e dans la production de v\u00eatement coup\u00e9\/cousu pour l\u2019homme et la femme. T-shirts, sweat-shirts, polos et jogging repr\u00e9sentent la principale gamme de production en interne.\u00a0<\/span><\/p>\n<p style=\"text-align: center;\"><span style=\"font-size: 14pt;\"><strong><span style=\"font-family: georgia, palatino, serif; color: #339966;\"><a style=\"color: #339966;\" href=\"http:\/\/dev.jdatextile.com\/certificats\/certificat-1\/\"># JDA est certifi\u00e9 100% biologique <\/a><br \/>\n<\/span><\/strong><\/span><span style=\"font-size: 14pt;\"><strong><span style=\"font-family: georgia, palatino, serif; color: #339966;\"><a style=\"color: #339966;\" href=\"http:\/\/dev.jdatextile.com\/certificats\/certificat-1\/\">sur toute sa cha\u00eene de production <span style=\"color: #008000;\">#<\/span><\/a><\/span><\/strong><\/span><\/p>\n<p><\/p>","protected":false},"excerpt":{"rendered":"<p>\u00a0 \u00a0 \u00a0 \u00a0 \u00a0 \u00a0 \u00a0 \u00a0 \u00a0 \u00a0 \u00a0 \u00a0Depuis sa cr\u00e9ation, JDA Textile est en charge de [&hellip;]<\/p>\n","protected":false},"author":1,"featured_media":42,"parent":0,"menu_order":0,"comment_status":"closed","ping_status":"closed","template":"","meta":[],"acf":[],"_links":{"self":[{"href":"https:\/\/www.jdatextile.com\/en\/wp-json\/wp\/v2\/pages\/12"}],"collection":[{"href":"https:\/\/www.jdatextile.com\/en\/wp-json\/wp\/v2\/pages"}],"about":[{"href":"https:\/\/www.jdatextile.com\/en\/wp-json\/wp\/v2\/types\/page"}],"author":[{"embeddable":true,"href":"https:\/\/www.jdatextile.com\/en\/wp-json\/wp\/v2\/users\/1"}],"replies":[{"embeddable":true,"href":"https:\/\/www.jdatextile.com\/en\/wp-json\/wp\/v2\/comments?post=12"}],"version-history":[{"count":40,"href":"https:\/\/www.jdatextile.com\/en\/wp-json\/wp\/v2\/pages\/12\/revisions"}],"predecessor-version":[{"id":367,"href":"https:\/\/www.jdatextile.com\/en\/wp-json\/wp\/v2\/pages\/12\/revisions\/367"}],"wp:featuredmedia":[{"embeddable":true,"href":"https:\/\/www.jdatextile.com\/en\/wp-json\/wp\/v2\/media\/42"}],"wp:attachment":[{"href":"https:\/\/www.jdatextile.com\/en\/wp-json\/wp\/v2\/media?parent=12"}],"curies":[{"name":"wp","href":"https:\/\/api.w.org\/{rel}","templated":true}]}}