{"id":61,"date":"2018-03-02T09:30:23","date_gmt":"2018-03-02T08:30:23","guid":{"rendered":"http:\/\/dev.jdatextile.com\/?page_id=61"},"modified":"2023-02-02T10:41:40","modified_gmt":"2023-02-02T09:41:40","slug":"gots","status":"publish","type":"page","link":"https:\/\/www.jdatextile.com\/en\/certificats\/gots\/","title":{"rendered":"GOTS"},"content":{"rendered":"<p>La certification\u00a0<strong>G<\/strong>lobal <strong>O<\/strong>rganic <strong>T<\/strong>extile <strong>S<\/strong>tandard (GOTS) est aujourd&#8217;hui la seule qui permette un suivi sur toute la cha\u00eene de fabrication ; du champs coton jusqu&#8217;\u00e0 la mise sous sachet du v\u00eatement et qui garantit une fabrication biologique.<\/p>\n<p>T\u00e9l\u00e9charger le certificat GOTS de JDA TEXTILE<br \/>\nSi vous ne connaissez pas le mot de passe, merci de nous contacter via le formulaire.<\/p>\n<p><a href=\"http:\/\/dev.jdatextile.com\/certificats\/certificat-1\/jda-gots-pdf\/ \" rel=\"noopener\"><img decoding=\"async\" loading=\"lazy\" class=\"img-responsive aligncenter\" src=\"http:\/\/dev.jdatextile.com\/wp-content\/uploads\/2019\/01\/JDA-GOTS-e1548088251854.png\" alt=\"\" width=\"150\" height=\"212\" \/><\/a><\/p>","protected":false},"excerpt":{"rendered":"<p class=\"qtranxs-available-languages-message qtranxs-available-languages-message-en\">Sorry, this entry is only available in <a href=\"https:\/\/www.jdatextile.com\/fr\/wp-json\/wp\/v2\/pages\/61\" class=\"qtranxs-available-language-link qtranxs-available-language-link-fr\" title=\"Fran\u00e7ais\">French<\/a>.<\/p>\n","protected":false},"author":1,"featured_media":0,"parent":59,"menu_order":1,"comment_status":"closed","ping_status":"closed","template":"","meta":[],"acf":[],"_links":{"self":[{"href":"https:\/\/www.jdatextile.com\/en\/wp-json\/wp\/v2\/pages\/61"}],"collection":[{"href":"https:\/\/www.jdatextile.com\/en\/wp-json\/wp\/v2\/pages"}],"about":[{"href":"https:\/\/www.jdatextile.com\/en\/wp-json\/wp\/v2\/types\/page"}],"author":[{"embeddable":true,"href":"https:\/\/www.jdatextile.com\/en\/wp-json\/wp\/v2\/users\/1"}],"replies":[{"embeddable":true,"href":"https:\/\/www.jdatextile.com\/en\/wp-json\/wp\/v2\/comments?post=61"}],"version-history":[{"count":28,"href":"https:\/\/www.jdatextile.com\/en\/wp-json\/wp\/v2\/pages\/61\/revisions"}],"predecessor-version":[{"id":368,"href":"https:\/\/www.jdatextile.com\/en\/wp-json\/wp\/v2\/pages\/61\/revisions\/368"}],"up":[{"embeddable":true,"href":"https:\/\/www.jdatextile.com\/en\/wp-json\/wp\/v2\/pages\/59"}],"wp:attachment":[{"href":"https:\/\/www.jdatextile.com\/en\/wp-json\/wp\/v2\/media?parent=61"}],"curies":[{"name":"wp","href":"https:\/\/api.w.org\/{rel}","templated":true}]}}